{"id":1582,"date":"2015-06-09T15:32:22","date_gmt":"2015-06-09T13:32:22","guid":{"rendered":"http:\/\/solitude.saintefamille.fr\/?page_id=1582"},"modified":"2024-10-05T15:16:28","modified_gmt":"2024-10-05T13:16:28","slug":"notre-dame-de-toutes-graces","status":"publish","type":"page","link":"https:\/\/solitude.saintefamille.fr\/?page_id=1582","title":{"rendered":"Notre Dame de Toutes Gr\u00e2ces"},"content":{"rendered":"\n<figure class=\"wp-block-image aligncenter\"><a href=\"https:\/\/solitude.saintefamille.fr\/files\/2015\/06\/ND-de-toutes-gr\u00e2ces.jpg\"><img loading=\"lazy\" decoding=\"async\" width=\"272\" height=\"368\" src=\"https:\/\/solitude.saintefamille.fr\/files\/2015\/06\/ND-de-toutes-gr\u00e2ces.jpg\" alt=\"ND de toutes gr\u00e2ces\" class=\"wp-image-1584\" srcset=\"https:\/\/solitude.saintefamille.fr\/files\/2015\/06\/ND-de-toutes-gr\u00e2ces.jpg 272w, https:\/\/solitude.saintefamille.fr\/files\/2015\/06\/ND-de-toutes-gr\u00e2ces-222x300.jpg 222w\" sizes=\"auto, (max-width: 272px) 100vw, 272px\" \/><\/a><\/figure>\n\n\n\n<div class=\"wp-block-group alignwide is-vertical is-layout-flex wp-container-core-group-is-layout-fe9cc265 wp-block-group-is-layout-flex\">\n<p><!--:fr--><span style=\"color: #800000;\">C\u2019est le nom que Pierre Bienvenu Noailles, notre Fondateur a choisi lorsqu\u2019il a consacr\u00e9 l\u2019Association de la Sainte-Famille \u00e0 Marie.<\/span><\/p>\n\n\n\n<p><span style=\"color: #800000;\">C\u2019est durant son s\u00e9minaire qu\u2019il prit l\u2019habitude d\u2019invoquer Marie sous ce vocable :<\/span><\/p>\n\n\n\n<p><span style=\"color: #800000;\">Cette invocation lui \u00e9tait tr\u00e8s ch\u00e8re, car elle lui rappelait les grandes faveurs obtenues tout au long de sa vie, par l\u2019intercession de Marie.<\/span><\/p>\n\n\n\n<p><span style=\"color: #800000;\">\u00ab A Issy, l\u2019image de cette Vierge M\u00e8re v\u00e9n\u00e9r\u00e9e sous le nom de Notre-Dame de Toutes-Gr\u00e2ces, est plac\u00e9e dans le jardin sous un d\u00f4me de verdure ; les jeunes \u00e9tudiants aiment \u00e0 l\u2019entourer de leurs pri\u00e8res et de leurs hommages, \u00e0 d\u00e9poser au pied de son autel leurs v\u0153ux, leurs d\u00e9sirs, leurs esp\u00e9rances\u00bb. (H\u00e9l\u00e8ne Foucault, Vie de P.B. Noailles, t 1, pp.53-54)<\/span><\/p>\n\n\n\n<p><span style=\"color: #800000;\">Non seulement Pierre- Bienvenu parlait d\u2019elle dans ses sermons, instructions, correspondances, mais il voulait m\u00eame lui \u00e9lever un sanctuaire, un lieu de p\u00e8lerinage o\u00f9 les gens viendraient l\u2019honorer, lui confier leur vie et leurs pr\u00e9occupations \u00e0 sa maternelle protection, ou la prier pour obtenir d\u2019elle toutes sortes de faveurs.<\/span><\/p>\n\n\n\n<p><span style=\"color: #800000;\">En novembre 1831, le P\u00e8re Noailles acheta dans le village de Martillac, \u00e0 quelques kilom\u00e8tres de Bordeaux, une propri\u00e9t\u00e9, \u00e0 laquelle il donna le nom de La Solitude. \u00ab Si les ruisseaux qui courent \u00e0 travers la propri\u00e9t\u00e9, s\u2019\u00e9largissaient, s\u2019ils devenaient assez larges pour former comme une rivi\u00e8re, si les eaux de la fontaine Sainte Rose se r\u00e9unissaient avec celles de la Cape, il y aurait de quoi alimenter une magnifique pi\u00e8ce d\u2019eau. Si ce tertre, lieu inculte et sans rapport \u00e9tait entour\u00e9 d\u2019eau, il deviendrait une \u00eele, et cette \u00eele serait celle de Marie. La Vierge y aurait ses autels, son culte, ses hommages. Je voudrais qu\u2019Elle fut l\u00e0 comme une Reine, dispensatrice de toutes gr\u00e2ces.<\/span><\/p>\n\n\n\n<p><span style=\"color: #800000;\">Marie est la source par o\u00f9 d\u00e9coulent toutes les gr\u00e2ces et les faveurs du Ciel ! Marie serait invoqu\u00e9e ici sous le titre de Notre Dame de Toutes Gr\u00e2ces.\u00bb<\/span><br><span style=\"color: #800000;\"> (M\u00e8re E. Bonnat, Souvenirs de Martillac, 1862, pp.78-79)<\/span><\/p>\n\n\n\n<p><span style=\"color: #800000;\">Et ce qui semblait seulement un r\u00eave devint r\u00e9alit\u00e9. Il put bient\u00f4t r\u00e9aliser ce qu\u2019il souhaitait tant : faire de La Solitude un lieu de pri\u00e8re et construire une \u00eele d\u00e9di\u00e9e \u00e0 Marie.<\/span><\/p>\n\n\n\n<p><span style=\"color: #800000;\">Dans la petite chapelle de l\u2019\u00eele, bien des pri\u00e8res furent offertes \u00e0 Dieu par l\u2019intercession de Marie. Combien de gr\u00e2ces furent obtenues ! Combien de promesses faites \u00e0 ses pieds !<\/span><\/p>\n\n\n\n<p><span style=\"color: #800000;\">\u00ab VOILA VOTRE M\u00c8RE \u00bb.<\/span><\/p>\n\n\n\n<p><span style=\"color: #800000;\">Dans cette chapelle, on pla\u00e7a l\u2019actuelle statue de Notre Dame de Toutes Gr\u00e2ces. Elle est l\u2019\u0153uvre d\u2019un statuaire d\u2019Angers, Monsieur Bar\u00eame. Elle fut offerte au Bon P\u00e8re par une femme de Paris, qu\u2019il avait aid\u00e9e et accueillie quelque temps \u00e0 La Solitude de Martillac alors qu\u2019elle se trouvait dans une situation difficile. En recevant cette statue, Pierre-Bienvenu Noailles, dans son amour filial pour Marie, fit graver sur le socle de la statue ces paroles si significatives pour lui :<\/span><\/p>\n\n\n\n<p><span style=\"color: #800000;\">Visit\u00e9e par la plupart des pr\u00eatres, des religieuses et des membres de la Sainte-Famille, c\u2019est l\u00e0 que Marie leur accorde les gr\u00e2ces et les faveurs r\u00e9serv\u00e9es \u00e0 la Famille et que plusieurs ont obtenu des miracles\u2026<\/span><\/p>\n\n\n\n<p><span style=\"color: #800000;\">Marie est la M\u00e8re de tous les disciples de J\u00e9sus-Christ. Tous les chr\u00e9tiens peuvent l\u2019invoquer\u2026 Mais Dieu a voulu qu\u2019elle fut honor\u00e9e d\u2019une mani\u00e8re plus particuli\u00e8re dans certains lieux et qu\u2019elle y montr\u00e2t sa puissance par des gr\u00e2ces plus abondantes\u2026 Dieu a voulu que les enfants de la Sainte-Famille aient un sanctuaire propre et dans lequel Marie ferait \u00e9clater plus particuli\u00e8rement sa tendresse pour eux : de l\u00e0 l\u2019\u00cele de Toutes Gr\u00e2ces.<\/span><\/p>\n\n\n\n<p><span style=\"color: #800000;\">C\u2019est l\u00e0 que tous doivent venir chercher :<\/span><\/p>\n\n\n\n<p><span style=\"color: #800000;\">1. L\u2019esprit de la Famille. <\/span><br><span style=\"color: #800000;\">2. Les vertus propres \u00e0 leur vocation. Marie, mod\u00e8le pour toutes les vocations. <\/span><br><span style=\"color: #800000;\">3. Force et dons propres \u00e0 la mission.<\/span><\/p>\n\n\n\n<p><span style=\"color: #800000;\">Oh ! venez donc avec confiance, \u00e9crivez quand vous ne pouvez venir ; portez souvent vos v\u0153ux vers ce sanctuaire\u2026<\/span><\/p>\n\n\n\n<p><span style=\"color: #800000;\">Qu\u2019il est beau, consolant, de voir les membres de la Sainte-Famille de tous les lieux, de toutes les \u0153uvres, tendant souvent leurs mains vers leur M\u00e8re commune, Notre Dame de Toutes Gr\u00e2ces ; se confondre dans le m\u00eame amour et pr\u00e9luder ainsi \u00e0 cette union qui en fera une famille particuli\u00e8re. (Instructions, tome 3 p. 306)<\/span><\/p>\n\n\n\n<p><span style=\"color: #800000;\">D\u2019apr\u00e8s les R\u00e8gles de 1851, la date du 12 juin avait \u00e9t\u00e9 adopt\u00e9e pour c\u00e9l\u00e9brer la f\u00eate de Notre Dame de Toutes Gr\u00e2ces car c\u2019est le 12 juin 1844 qu\u2019avait eu lieu, dans l\u2019\u00eele qui lui est d\u00e9di\u00e9e, le premier p\u00e8lerinage en son honneur, inaugur\u00e9 par Mgr Donnet, cardinal-archev\u00eaque de Bordeaux.<\/span><br><span style=\"color: #800000;\">Cette date a \u00e9t\u00e9 approuv\u00e9e par la Congr\u00e9gation du Culte divin et nous pouvons c\u00e9l\u00e9brer cette f\u00eate avec une messe propre.<\/span><\/p>\n<\/div>\n","protected":false},"excerpt":{"rendered":"<p>C\u2019est le nom que Pierre Bienvenu Noailles, notre Fondateur a choisi lorsqu\u2019il a consacr\u00e9 l\u2019Association de la Sainte-Famille \u00e0 Marie. C\u2019est durant son s\u00e9minaire qu\u2019il prit l\u2019habitude d\u2019invoquer Marie sous [&hellip;]<\/p>\n","protected":false},"author":5,"featured_media":0,"parent":398,"menu_order":0,"comment_status":"closed","ping_status":"open","template":"","meta":{"_acf_changed":false,"_EventAllDay":false,"_EventTimezone":"","_EventStartDate":"","_EventEndDate":"","_EventStartDateUTC":"","_EventEndDateUTC":"","_EventShowMap":false,"_EventShowMapLink":false,"_EventURL":"","_EventCost":"","_EventCostDescription":"","_EventCurrencySymbol":"","_EventCurrencyCode":"","_EventCurrencyPosition":"","_EventDateTimeSeparator":"","_EventTimeRangeSeparator":"","_EventOrganizerID":[],"_EventVenueID":[],"_OrganizerEmail":"","_OrganizerPhone":"","_OrganizerWebsite":"","_VenueAddress":"","_VenueCity":"","_VenueCountry":"","_VenueProvince":"","_VenueState":"","_VenueZip":"","_VenuePhone":"","_VenueURL":"","_VenueStateProvince":"","_VenueLat":"","_VenueLng":"","_VenueShowMap":false,"_VenueShowMapLink":false,"footnotes":""},"class_list":["post-1582","page","type-page","status-publish","hentry"],"acf":[],"_links":{"self":[{"href":"https:\/\/solitude.saintefamille.fr\/index.php?rest_route=\/wp\/v2\/pages\/1582","targetHints":{"allow":["GET"]}}],"collection":[{"href":"https:\/\/solitude.saintefamille.fr\/index.php?rest_route=\/wp\/v2\/pages"}],"about":[{"href":"https:\/\/solitude.saintefamille.fr\/index.php?rest_route=\/wp\/v2\/types\/page"}],"author":[{"embeddable":true,"href":"https:\/\/solitude.saintefamille.fr\/index.php?rest_route=\/wp\/v2\/users\/5"}],"replies":[{"embeddable":true,"href":"https:\/\/solitude.saintefamille.fr\/index.php?rest_route=%2Fwp%2Fv2%2Fcomments&post=1582"}],"version-history":[{"count":4,"href":"https:\/\/solitude.saintefamille.fr\/index.php?rest_route=\/wp\/v2\/pages\/1582\/revisions"}],"predecessor-version":[{"id":3921,"href":"https:\/\/solitude.saintefamille.fr\/index.php?rest_route=\/wp\/v2\/pages\/1582\/revisions\/3921"}],"up":[{"embeddable":true,"href":"https:\/\/solitude.saintefamille.fr\/index.php?rest_route=\/wp\/v2\/pages\/398"}],"wp:attachment":[{"href":"https:\/\/solitude.saintefamille.fr\/index.php?rest_route=%2Fwp%2Fv2%2Fmedia&parent=1582"}],"curies":[{"name":"wp","href":"https:\/\/api.w.org\/{rel}","templated":true}]}}