{"id":3350,"date":"2024-07-30T11:08:15","date_gmt":"2024-07-30T09:08:15","guid":{"rendered":"https:\/\/solitude.saintefamille.fr\/testnew\/?page_id=3350"},"modified":"2025-04-25T00:28:23","modified_gmt":"2025-04-24T22:28:23","slug":"3350-2","status":"publish","type":"page","link":"https:\/\/solitude.saintefamille.fr\/","title":{"rendered":"Bienvenue au Centre Spirituel \u00ab\u00a0La Solitude\u00a0\u00bb"},"content":{"rendered":"\n<h2 class=\"wp-block-heading alignwide has-text-align-center\">Bienvenue au Centre Spirituel \u00ab\u00a0La Solitude\u00a0\u00bb<\/h2>\n\n\n\n<div style=\"height:34px\" aria-hidden=\"true\" class=\"wp-block-spacer\"><\/div>\n\n\n\n<div class=\"wp-block-group alignwide is-vertical is-layout-flex wp-container-core-group-is-layout-fe9cc265 wp-block-group-is-layout-flex\">\n<div class=\"wp-block-group is-nowrap is-layout-flex wp-container-core-group-is-layout-6c531013 wp-block-group-is-layout-flex\">\n<div class=\"wp-block-group is-vertical is-layout-flex wp-container-core-group-is-layout-fe9cc265 wp-block-group-is-layout-flex\">\n<h4><strong>UN LIEU FONDATEUR<\/strong><\/h4>\n<h4 style=\"text-align: left; padding-left: 120px;\"><strong>LA MAISON DE FAMILLE<\/strong><\/h4>\n<h4><strong>DE LA SAINTE FAMILLE DE BORDEAUX<\/strong><\/h4>\n\n\n\n<blockquote class=\"wp-block-quote is-layout-flow wp-block-quote-is-layout-flow\">\n<h4 class=\"wp-block-heading is-style-default\" style=\"margin-top:-30px;margin-bottom:-30px;padding-top:0;padding-bottom:0;font-size:clamp(1.092rem, 1.092rem + ((1vw - 0.2rem) * 1.013), 1.7rem);\"><br><\/h4>\n\n\n\n<p>La communaut\u00e9 des Soeurs apostoliques<br>vous accueille dans cette maison situ\u00e9e dans le secteur des Graves , au milieu des vignes et des pins.<\/p>\n<\/blockquote>\n<\/div>\n\n\n\n<div class=\"wp-block-media-text is-stacked-on-mobile\"><figure class=\"wp-block-media-text__media\"><img loading=\"lazy\" decoding=\"async\" width=\"912\" height=\"681\" src=\"https:\/\/solitude.saintefamille.fr\/wp-content\/blogs.dir\/3\/files\/2012\/07\/P1010983.jpg\" alt=\"\" class=\"wp-image-808 size-full\" srcset=\"https:\/\/solitude.saintefamille.fr\/files\/2012\/07\/P1010983.jpg 912w, https:\/\/solitude.saintefamille.fr\/files\/2012\/07\/P1010983-300x224.jpg 300w, https:\/\/solitude.saintefamille.fr\/files\/2012\/07\/P1010983-768x573.jpg 768w\" sizes=\"auto, (max-width: 912px) 100vw, 912px\" \/><\/figure><div class=\"wp-block-media-text__content\">\n<p><\/p>\n<\/div><\/div>\n<\/div>\n\n\n\n<div class=\"wp-block-group is-nowrap is-layout-flex wp-container-core-group-is-layout-6c531013 wp-block-group-is-layout-flex\">\n<div class=\"wp-block-group is-vertical is-layout-flex wp-container-core-group-is-layout-fe9cc265 wp-block-group-is-layout-flex\"><\/div>\n\n\n\n<figure class=\"wp-block-image size-full has-custom-border wp-container-content-9dbf05af\"><a href=\"https:\/\/solitude.saintefamille.fr\/wp-content\/blogs.dir\/3\/files\/2024\/09\/12-3-source-768x509-1.jpg\"><img loading=\"lazy\" decoding=\"async\" width=\"768\" height=\"509\" src=\"https:\/\/solitude.saintefamille.fr\/wp-content\/blogs.dir\/3\/files\/2024\/09\/12-3-source-768x509-1.jpg\" alt=\"\" class=\"wp-image-3634\" style=\"border-style:none;border-width:0px;border-radius:16px\" srcset=\"https:\/\/solitude.saintefamille.fr\/files\/2024\/09\/12-3-source-768x509-1.jpg 768w, https:\/\/solitude.saintefamille.fr\/files\/2024\/09\/12-3-source-768x509-1-300x199.jpg 300w\" sizes=\"auto, (max-width: 768px) 100vw, 768px\" \/><\/a><\/figure>\n\n\n\n<blockquote class=\"wp-block-quote is-layout-flow wp-block-quote-is-layout-flow\">\n<h4 class=\"wp-block-heading is-style-default\" style=\"margin-top:-30px;margin-bottom:-30px;padding-top:0;padding-bottom:0;font-size:clamp(1.092rem, 1.092rem + ((1vw - 0.2rem) * 1.013), 1.7rem);\">Nous vous offrons de partager ce \u00ab chez-nous \u00bb ce grand jardin \u00ab sacr\u00e9 \u00bb o\u00f9 jaillit une source.<br>Venez vous y d\u00e9salt\u00e9rer, y puiser une \u00e9nergie nouvelle et la rayonner.<\/h4>\n<\/blockquote>\n<\/div>\n\n\n\n<div class=\"wp-block-group has-global-padding is-layout-constrained wp-block-group-is-layout-constrained\"><\/div>\n<\/div>\n\n\n\n<h4 class=\"wp-block-heading alignwide\" style=\"margin-right:0;margin-left:0;padding-right:var(--wp--preset--spacing--50);padding-left:var(--wp--preset--spacing--50)\">Depuis 1831, ce lieu o\u00f9 a v\u00e9cu notre Fondateur, Pierre-Bienvenu NOAILLES accueille des personnes et des groupes qui viennent se ressourcer spirituellement, profiter de la nature et du calme.<br><br>Centre spirituel Sainte Famille, La Solitude propose diverses activit\u00e9s&nbsp;: retraites, haltes spirituelles, sessions, ateliers, conf\u00e9rences. Des la\u00efcs collaborent \u00e0 notre projet.<br><br>Nous offrons aussi aux personnes qui le d\u00e9sirent une possibilit\u00e9 d\u2019accompagnement personnel.<br><br>La maison est ouverte \u00e0 des groupes ou mouvements d\u2019Eglise vari\u00e9s, aux membres de d\u2019autres confessions pour des activit\u00e9s diverses&nbsp;: formation, r\u00e9flexion, retraites.<br><br>Communaut\u00e9 internationale, nous collaborons \u00e0 la formation permanente des membres de la grande Famille de Pierre Bienvenu Noailles (religieuses apostoliques et contemplatives, s\u00e9culi\u00e8res consacr\u00e9es, associ\u00e9s la\u00efcs et pr\u00eatres) r\u00e9partie dans 24 pays sur 4 continents.<\/h4>\n\n\n\n<figure class=\"wp-block-pullquote alignwide has-large-font-size\"><blockquote><p>\u00ab&nbsp;Ici, je respire un peu, la Solitude me rend \u00e0 Dieu, \u00e0 moi-m\u00eame, \u00e0 mes amis&nbsp;\u00bb<\/p><cite>Pierre-Bienvenu Noailles&nbsp; (1834)<\/cite><\/blockquote><\/figure>\n\n\n\n<p><\/p>\n","protected":false},"excerpt":{"rendered":"<p>Bienvenue au Centre Spirituel \u00ab\u00a0La Solitude\u00a0\u00bb UN LIEU FONDATEUR LA MAISON DE FAMILLE DE LA SAINTE FAMILLE DE BORDEAUX La communaut\u00e9 des Soeurs apostoliquesvous accueille dans cette maison situ\u00e9e dans [&hellip;]<\/p>\n","protected":false},"author":1,"featured_media":0,"parent":0,"menu_order":0,"comment_status":"closed","ping_status":"closed","template":"page-no-title","meta":{"_acf_changed":false,"_EventAllDay":false,"_EventTimezone":"","_EventStartDate":"","_EventEndDate":"","_EventStartDateUTC":"","_EventEndDateUTC":"","_EventShowMap":false,"_EventShowMapLink":false,"_EventURL":"","_EventCost":"","_EventCostDescription":"","_EventCurrencySymbol":"","_EventCurrencyCode":"","_EventCurrencyPosition":"","_EventDateTimeSeparator":"","_EventTimeRangeSeparator":"","_EventOrganizerID":[],"_EventVenueID":[],"_OrganizerEmail":"","_OrganizerPhone":"","_OrganizerWebsite":"","_VenueAddress":"","_VenueCity":"","_VenueCountry":"","_VenueProvince":"","_VenueState":"","_VenueZip":"","_VenuePhone":"","_VenueURL":"","_VenueStateProvince":"","_VenueLat":"","_VenueLng":"","_VenueShowMap":false,"_VenueShowMapLink":false,"footnotes":""},"class_list":["post-3350","page","type-page","status-publish","hentry"],"acf":[],"_links":{"self":[{"href":"https:\/\/solitude.saintefamille.fr\/index.php?rest_route=\/wp\/v2\/pages\/3350","targetHints":{"allow":["GET"]}}],"collection":[{"href":"https:\/\/solitude.saintefamille.fr\/index.php?rest_route=\/wp\/v2\/pages"}],"about":[{"href":"https:\/\/solitude.saintefamille.fr\/index.php?rest_route=\/wp\/v2\/types\/page"}],"author":[{"embeddable":true,"href":"https:\/\/solitude.saintefamille.fr\/index.php?rest_route=\/wp\/v2\/users\/1"}],"replies":[{"embeddable":true,"href":"https:\/\/solitude.saintefamille.fr\/index.php?rest_route=%2Fwp%2Fv2%2Fcomments&post=3350"}],"version-history":[{"count":62,"href":"https:\/\/solitude.saintefamille.fr\/index.php?rest_route=\/wp\/v2\/pages\/3350\/revisions"}],"predecessor-version":[{"id":4227,"href":"https:\/\/solitude.saintefamille.fr\/index.php?rest_route=\/wp\/v2\/pages\/3350\/revisions\/4227"}],"wp:attachment":[{"href":"https:\/\/solitude.saintefamille.fr\/index.php?rest_route=%2Fwp%2Fv2%2Fmedia&parent=3350"}],"curies":[{"name":"wp","href":"https:\/\/api.w.org\/{rel}","templated":true}]}}