{"id":3377,"date":"2024-09-13T15:46:59","date_gmt":"2024-09-13T13:46:59","guid":{"rendered":"https:\/\/solitude.saintefamille.fr\/testnew\/?page_id=3377"},"modified":"2026-04-20T18:56:29","modified_gmt":"2026-04-20T16:56:29","slug":"temps-forts","status":"publish","type":"page","link":"https:\/\/solitude.saintefamille.fr\/?page_id=3377","title":{"rendered":"Temps forts"},"content":{"rendered":"\n<h3 class=\"wp-block-heading\"><strong>C\u00e9l\u00e9brons la f\u00eate de Pierre-Bienvenu Noailles<\/strong><\/h3>\n\n\n\n<h3 class=\"wp-block-heading has-text-align-center\"><strong>Notre Fondateur<\/strong><\/h3>\n\n\n\n<div class=\"wp-block-columns is-layout-flex wp-container-core-columns-is-layout-28f84493 wp-block-columns-is-layout-flex\">\n<div class=\"wp-block-column is-layout-flow wp-block-column-is-layout-flow\" style=\"flex-basis:66.66%\">\n<p><\/p>\n\n\n\n<p><strong>Nous vous proposons de c\u00e9l\u00e9brer l\u2019Eucharistie<\/strong><\/p>\n\n\n\n<p class=\"has-text-align-center\"><strong>sur l\u2019\u00eele Notre Dame de Toutes Gr\u00e2ces<\/strong><\/p>\n\n\n\n<p class=\"has-text-align-center\"><strong>SAMEDI 27 JUIN \u00e0 17 h<\/strong><\/p>\n<\/div>\n\n\n\n<div class=\"wp-block-column is-layout-flow wp-block-column-is-layout-flow\" style=\"flex-basis:33.33%\">\n<figure class=\"wp-block-image size-full\"><a href=\"https:\/\/solitude.saintefamille.fr\/files\/2026\/04\/PBN-2.jpg\"><img loading=\"lazy\" decoding=\"async\" width=\"448\" height=\"554\" src=\"https:\/\/solitude.saintefamille.fr\/files\/2026\/04\/PBN-2.jpg\" alt=\"\" class=\"wp-image-4547\" srcset=\"https:\/\/solitude.saintefamille.fr\/files\/2026\/04\/PBN-2.jpg 448w, https:\/\/solitude.saintefamille.fr\/files\/2026\/04\/PBN-2-243x300.jpg 243w\" sizes=\"auto, (max-width: 448px) 100vw, 448px\" \/><\/a><\/figure>\n<\/div>\n<\/div>\n\n\n\n<div class=\"wp-block-columns is-layout-flex wp-container-core-columns-is-layout-28f84493 wp-block-columns-is-layout-flex\">\n<div class=\"wp-block-column is-layout-flow wp-block-column-is-layout-flow\" style=\"flex-basis:33.33%\">\n<figure class=\"wp-block-image size-full\"><a href=\"https:\/\/solitude.saintefamille.fr\/files\/2026\/04\/uneplacepourpierrot.jpg\"><img loading=\"lazy\" decoding=\"async\" width=\"662\" height=\"900\" src=\"https:\/\/solitude.saintefamille.fr\/files\/2026\/04\/uneplacepourpierrot.jpg\" alt=\"\" class=\"wp-image-4548\" srcset=\"https:\/\/solitude.saintefamille.fr\/files\/2026\/04\/uneplacepourpierrot.jpg 662w, https:\/\/solitude.saintefamille.fr\/files\/2026\/04\/uneplacepourpierrot-221x300.jpg 221w\" sizes=\"auto, (max-width: 662px) 100vw, 662px\" \/><\/a><\/figure>\n<\/div>\n\n\n\n<div class=\"wp-block-column is-layout-flow wp-block-column-is-layout-flow\" style=\"flex-basis:66.66%\">\n<p><\/p>\n\n\n\n<p class=\"has-text-align-center\"><strong>Nous nous retrouverons ensuite autour d\u2019un film<\/strong><\/p>\n\n\n\n<p class=\"has-text-align-center\"><strong>UNE PLACE POUR PIERROT<\/strong><\/p>\n\n\n\n<p class=\"has-text-align-center\"><strong>Suivi d\u2019un d\u00e9bat<\/strong><\/p>\n\n\n\n<p class=\"has-text-align-center\"><strong>Puis nous partagerons le repas tir\u00e9 du sac.<\/strong><\/p>\n<\/div>\n<\/div>\n\n\n\n<hr class=\"wp-block-separator has-alpha-channel-opacity\"\/>\n\n\n\n<h2 class=\"wp-block-heading\">Unissons nos pri\u00e8res pour la PAIX<\/h2>\n\n\n\n<figure class=\"wp-block-image size-full\"><a href=\"https:\/\/solitude.saintefamille.fr\/files\/2024\/10\/paix-transparent.png\"><img loading=\"lazy\" decoding=\"async\" width=\"600\" height=\"338\" src=\"https:\/\/solitude.saintefamille.fr\/files\/2024\/10\/paix-transparent.png\" alt=\"\" class=\"wp-image-3927\" srcset=\"https:\/\/solitude.saintefamille.fr\/files\/2024\/10\/paix-transparent.png 600w, https:\/\/solitude.saintefamille.fr\/files\/2024\/10\/paix-transparent-300x169.png 300w\" sizes=\"auto, (max-width: 600px) 100vw, 600px\" \/><\/a><\/figure>\n","protected":false},"excerpt":{"rendered":"<p>C\u00e9l\u00e9brons la f\u00eate de Pierre-Bienvenu Noailles Notre Fondateur Nous vous proposons de c\u00e9l\u00e9brer l\u2019Eucharistie sur l\u2019\u00eele Notre Dame de Toutes Gr\u00e2ces SAMEDI 27 JUIN \u00e0 17 h Nous nous retrouverons [&hellip;]<\/p>\n","protected":false},"author":1,"featured_media":0,"parent":0,"menu_order":0,"comment_status":"closed","ping_status":"closed","template":"","meta":{"_acf_changed":false,"_EventAllDay":false,"_EventTimezone":"","_EventStartDate":"","_EventEndDate":"","_EventStartDateUTC":"","_EventEndDateUTC":"","_EventShowMap":false,"_EventShowMapLink":false,"_EventURL":"","_EventCost":"","_EventCostDescription":"","_EventCurrencySymbol":"","_EventCurrencyCode":"","_EventCurrencyPosition":"","_EventDateTimeSeparator":"","_EventTimeRangeSeparator":"","_EventOrganizerID":[],"_EventVenueID":[],"_OrganizerEmail":"","_OrganizerPhone":"","_OrganizerWebsite":"","_VenueAddress":"","_VenueCity":"","_VenueCountry":"","_VenueProvince":"","_VenueState":"","_VenueZip":"","_VenuePhone":"","_VenueURL":"","_VenueStateProvince":"","_VenueLat":"","_VenueLng":"","_VenueShowMap":false,"_VenueShowMapLink":false,"footnotes":""},"class_list":["post-3377","page","type-page","status-publish","hentry"],"acf":[],"_links":{"self":[{"href":"https:\/\/solitude.saintefamille.fr\/index.php?rest_route=\/wp\/v2\/pages\/3377","targetHints":{"allow":["GET"]}}],"collection":[{"href":"https:\/\/solitude.saintefamille.fr\/index.php?rest_route=\/wp\/v2\/pages"}],"about":[{"href":"https:\/\/solitude.saintefamille.fr\/index.php?rest_route=\/wp\/v2\/types\/page"}],"author":[{"embeddable":true,"href":"https:\/\/solitude.saintefamille.fr\/index.php?rest_route=\/wp\/v2\/users\/1"}],"replies":[{"embeddable":true,"href":"https:\/\/solitude.saintefamille.fr\/index.php?rest_route=%2Fwp%2Fv2%2Fcomments&post=3377"}],"version-history":[{"count":54,"href":"https:\/\/solitude.saintefamille.fr\/index.php?rest_route=\/wp\/v2\/pages\/3377\/revisions"}],"predecessor-version":[{"id":4559,"href":"https:\/\/solitude.saintefamille.fr\/index.php?rest_route=\/wp\/v2\/pages\/3377\/revisions\/4559"}],"wp:attachment":[{"href":"https:\/\/solitude.saintefamille.fr\/index.php?rest_route=%2Fwp%2Fv2%2Fmedia&parent=3377"}],"curies":[{"name":"wp","href":"https:\/\/api.w.org\/{rel}","templated":true}]}}