{"id":3378,"date":"2024-09-13T15:48:01","date_gmt":"2024-09-13T13:48:01","guid":{"rendered":"https:\/\/solitude.saintefamille.fr\/testnew\/?page_id=3378"},"modified":"2026-01-08T21:46:41","modified_gmt":"2026-01-08T19:46:41","slug":"weekend-journee","status":"publish","type":"page","link":"https:\/\/solitude.saintefamille.fr\/?page_id=3378","title":{"rendered":"Week-end\/journ\u00e9e"},"content":{"rendered":"\n<div class=\"wp-block-group alignwide has-background is-vertical is-content-justification-center is-layout-flex wp-container-core-group-is-layout-ce155fab wp-block-group-is-layout-flex\" style=\"background:linear-gradient(11deg,#cfcabe 0%,#F9F9F9 100%)\">\n<h2 class=\"wp-block-heading has-text-align-center has-text-color has-background has-link-color wp-elements-ca0d8bb54fc4483b5c994deea3b20498\" style=\"color:#235a18;background-color:#d7e4cf;padding-top:var(--wp--preset--spacing--10);padding-bottom:var(--wp--preset--spacing--10)\"><strong>Un samedi par mois<\/strong><\/h2>\n\n\n\n<h2 class=\"wp-block-heading has-text-color has-background has-link-color wp-elements-aa7da3e51df3a76b374c96a13365c57f\" style=\"color:#235a18;background-color:#dae1d3;padding-top:0;padding-right:0;padding-bottom:0;padding-left:0\"><strong>Venez \u00e0 l&rsquo;\u00e9cart<\/strong><\/h2>\n\n\n\n<figure class=\"wp-block-image size-full\"><a href=\"https:\/\/solitude.saintefamille.fr\/wp-content\/blogs.dir\/3\/files\/2024\/09\/banc-ecart-1.jpg\"><img loading=\"lazy\" decoding=\"async\" width=\"375\" height=\"285\" src=\"https:\/\/solitude.saintefamille.fr\/wp-content\/blogs.dir\/3\/files\/2024\/09\/banc-ecart-1.jpg\" alt=\"\" class=\"wp-image-3836\" srcset=\"https:\/\/solitude.saintefamille.fr\/files\/2024\/09\/banc-ecart-1.jpg 375w, https:\/\/solitude.saintefamille.fr\/files\/2024\/09\/banc-ecart-1-300x228.jpg 300w\" sizes=\"auto, (max-width: 375px) 100vw, 375px\" \/><\/a><\/figure>\n<\/div>\n\n\n\n<div class=\"wp-block-group alignwide has-accent-4-background-color has-background is-vertical is-layout-flex wp-container-core-group-is-layout-fe9cc265 wp-block-group-is-layout-flex\">\n<h2><strong>14 f\u00e9vrier 2026<\/strong><\/h2>\n\n\n\n<div class=\"wp-block-group is-nowrap is-layout-flex wp-container-core-group-is-layout-6c531013 wp-block-group-is-layout-flex\">\n<figure class=\"wp-block-image size-full is-resized is-style-default wp-duotone-unset-1\"><a href=\"https:\/\/solitude.saintefamille.fr\/files\/2026\/01\/racines.jpg\"><img loading=\"lazy\" decoding=\"async\" width=\"365\" height=\"450\" src=\"https:\/\/solitude.saintefamille.fr\/files\/2026\/01\/racines.jpg\" alt=\"\" class=\"wp-image-4492\" style=\"width:302px;height:auto\" srcset=\"https:\/\/solitude.saintefamille.fr\/files\/2026\/01\/racines.jpg 365w, https:\/\/solitude.saintefamille.fr\/files\/2026\/01\/racines-243x300.jpg 243w\" sizes=\"auto, (max-width: 365px) 100vw, 365px\" \/><\/a><\/figure>\n\n\n\n<div class=\"wp-block-group is-vertical is-content-justification-center is-layout-flex wp-container-core-group-is-layout-ce155fab wp-block-group-is-layout-flex\">\n<h3 class=\"wp-block-heading has-text-align-center\"><strong>Enracin\u00e9 et fond\u00e9 <\/strong><\/h3>\n\n\n\n<h3 class=\"wp-block-heading\"><strong>dans l&rsquo;amour<\/strong><\/h3>\n\n\n\n<p><strong><em>de 10h \u00e0 17h<\/em> <\/strong><\/p>\n\n\n\n<p>(Accueil \u00e0 partir de 9h30)<\/p>\n\n\n\n<p class=\"has-text-align-center\"><em>L&rsquo;enracinement dans l&rsquo;Amour est synonyme d&rsquo;appartenance, de racines profondes et solides<\/em><\/p>\n\n\n\n<p class=\"has-text-align-center\">\u00ab\u00a0Une journ\u00e9e pour aller \u00e0 la racine de notre \u00eatre et se nourrir paisiblement                              de la PRESENCE qui nous habite\u00a0\u00bb<\/p>\n\n\n\n<p>Inscription: <a href=\"mailto:vivresarentreeavecdieu@gmail.com\">centrepbnoailles@gmail.com<\/a><\/p>\n\n\n\n<p>Tel: 05 56 72 71 10<\/p>\n<\/div>\n<\/div>\n<\/div>\n\n\n\n<p><\/p>\n","protected":false},"excerpt":{"rendered":"<p>Un samedi par mois Venez \u00e0 l&rsquo;\u00e9cart 14 f\u00e9vrier 2026 Enracin\u00e9 et fond\u00e9 dans l&rsquo;amour de 10h \u00e0 17h (Accueil \u00e0 partir de 9h30) L&rsquo;enracinement dans l&rsquo;Amour est synonyme d&rsquo;appartenance, [&hellip;]<\/p>\n","protected":false},"author":1,"featured_media":0,"parent":0,"menu_order":0,"comment_status":"closed","ping_status":"closed","template":"","meta":{"_acf_changed":false,"_EventAllDay":false,"_EventTimezone":"","_EventStartDate":"","_EventEndDate":"","_EventStartDateUTC":"","_EventEndDateUTC":"","_EventShowMap":false,"_EventShowMapLink":false,"_EventURL":"","_EventCost":"","_EventCostDescription":"","_EventCurrencySymbol":"","_EventCurrencyCode":"","_EventCurrencyPosition":"","_EventDateTimeSeparator":"","_EventTimeRangeSeparator":"","_EventOrganizerID":[],"_EventVenueID":[],"_OrganizerEmail":"","_OrganizerPhone":"","_OrganizerWebsite":"","_VenueAddress":"","_VenueCity":"","_VenueCountry":"","_VenueProvince":"","_VenueState":"","_VenueZip":"","_VenuePhone":"","_VenueURL":"","_VenueStateProvince":"","_VenueLat":"","_VenueLng":"","_VenueShowMap":false,"_VenueShowMapLink":false,"footnotes":""},"class_list":["post-3378","page","type-page","status-publish","hentry"],"acf":[],"_links":{"self":[{"href":"https:\/\/solitude.saintefamille.fr\/index.php?rest_route=\/wp\/v2\/pages\/3378","targetHints":{"allow":["GET"]}}],"collection":[{"href":"https:\/\/solitude.saintefamille.fr\/index.php?rest_route=\/wp\/v2\/pages"}],"about":[{"href":"https:\/\/solitude.saintefamille.fr\/index.php?rest_route=\/wp\/v2\/types\/page"}],"author":[{"embeddable":true,"href":"https:\/\/solitude.saintefamille.fr\/index.php?rest_route=\/wp\/v2\/users\/1"}],"replies":[{"embeddable":true,"href":"https:\/\/solitude.saintefamille.fr\/index.php?rest_route=%2Fwp%2Fv2%2Fcomments&post=3378"}],"version-history":[{"count":29,"href":"https:\/\/solitude.saintefamille.fr\/index.php?rest_route=\/wp\/v2\/pages\/3378\/revisions"}],"predecessor-version":[{"id":4494,"href":"https:\/\/solitude.saintefamille.fr\/index.php?rest_route=\/wp\/v2\/pages\/3378\/revisions\/4494"}],"wp:attachment":[{"href":"https:\/\/solitude.saintefamille.fr\/index.php?rest_route=%2Fwp%2Fv2%2Fmedia&parent=3378"}],"curies":[{"name":"wp","href":"https:\/\/api.w.org\/{rel}","templated":true}]}}