{"id":4086,"date":"2024-12-16T22:00:28","date_gmt":"2024-12-16T20:00:28","guid":{"rendered":"https:\/\/solitude.saintefamille.fr\/?page_id=4086"},"modified":"2025-11-08T23:36:52","modified_gmt":"2025-11-08T21:36:52","slug":"vivre-leucharistie-aujourdhui","status":"publish","type":"page","link":"https:\/\/solitude.saintefamille.fr\/?page_id=4086","title":{"rendered":"\u00ab\u00a0Sortir de nos cercueils\u00a0\u00bb"},"content":{"rendered":"\n<div class=\"wp-block-columns alignwide is-layout-flex wp-container-core-columns-is-layout-28f84493 wp-block-columns-is-layout-flex\">\n<div class=\"wp-block-column is-layout-flow wp-block-column-is-layout-flow\" style=\"flex-basis:66.66%\">\n<div class=\"wp-block-group is-vertical is-layout-flex wp-container-core-group-is-layout-fe9cc265 wp-block-group-is-layout-flex\">\n<figure class=\"wp-block-image size-full is-resized\"><a href=\"https:\/\/solitude.saintefamille.fr\/files\/2025\/11\/image_1937474_20160829_ob_9fdc69_fils-veuve-naim.jpg\"><img loading=\"lazy\" decoding=\"async\" width=\"300\" height=\"200\" src=\"https:\/\/solitude.saintefamille.fr\/files\/2025\/11\/image_1937474_20160829_ob_9fdc69_fils-veuve-naim.jpg\" alt=\"\" class=\"wp-image-4439\" style=\"aspect-ratio:4\/3;object-fit:cover;width:517px;height:auto\"\/><\/a><\/figure>\n\n\n\n<blockquote class=\"wp-block-quote has-accent-2-background-color has-background has-medium-font-size is-layout-flow wp-block-quote-is-layout-flow\">\n<p class=\"has-medium-font-size\" style=\"padding-right:0;padding-left:0\"><strong>A partir de l\u2019\u00e9vangile de Luc 7, 11-17&nbsp;<\/strong><\/p>\n\n\n\n<p class=\"has-text-align-center\"><strong><em>\u00ab&nbsp;Sortir de nos cercueils&nbsp;\u00bb<\/em><\/strong><\/p>\n\n\n\n<p class=\"has-medium-font-size\" style=\"padding-right:0;padding-left:0\">Partant du r\u00e9cit du fils de la veuve de Na\u00efm, cette retraite propose d\u2019accueillir le regard, la tendresse et la puissance du Christ qui vient toucher nos \u00ab cercueils int\u00e9rieurs \u00bb, nous relever et nous r\u00e9apprendre \u00e0 vivre comme fils et filles du P\u00e8re.<\/p>\n<\/blockquote>\n<\/div>\n\n\n\n<p class=\"has-text-color has-link-color wp-elements-496c172590f3a5a1dee8e3a0847643a4\" style=\"color:#5b483a\"><strong>Pour conna\u00eetre le P\u00e8re Goossens vous pouvez \u00e9couter ses hom\u00e9lies sur youtube<\/strong><\/p>\n<\/div>\n\n\n\n<div class=\"wp-block-column is-layout-flow wp-block-column-is-layout-flow\" style=\"flex-basis:33.33%\">\n<div class=\"wp-block-group has-accent-background-color has-background is-vertical is-layout-flex wp-container-core-group-is-layout-ba63eaf1 wp-block-group-is-layout-flex\" style=\"padding-top:0;padding-right:var(--wp--preset--spacing--30);padding-bottom:0;padding-left:var(--wp--preset--spacing--30)\"><style id=\"wpforms-css-vars-root\">\n\t\t\t\t:root {\n\t\t\t\t\t--wpforms-field-border-radius: 3px;\n--wpforms-field-border-style: solid;\n--wpforms-field-border-size: 1px;\n--wpforms-field-background-color: #ffffff;\n--wpforms-field-border-color: rgba( 0, 0, 0, 0.25 );\n--wpforms-field-border-color-spare: rgba( 0, 0, 0, 0.25 );\n--wpforms-field-text-color: rgba( 0, 0, 0, 0.7 );\n--wpforms-field-menu-color: #ffffff;\n--wpforms-label-color: rgba( 0, 0, 0, 0.85 );\n--wpforms-label-sublabel-color: rgba( 0, 0, 0, 0.55 );\n--wpforms-label-error-color: #d63637;\n--wpforms-button-border-radius: 3px;\n--wpforms-button-border-style: none;\n--wpforms-button-border-size: 1px;\n--wpforms-button-background-color: #066aab;\n--wpforms-button-border-color: #066aab;\n--wpforms-button-text-color: #ffffff;\n--wpforms-page-break-color: #066aab;\n--wpforms-background-image: none;\n--wpforms-background-position: center center;\n--wpforms-background-repeat: no-repeat;\n--wpforms-background-size: cover;\n--wpforms-background-width: 100px;\n--wpforms-background-height: 100px;\n--wpforms-background-color: rgba( 0, 0, 0, 0 );\n--wpforms-background-url: none;\n--wpforms-container-padding: 0px;\n--wpforms-container-border-style: none;\n--wpforms-container-border-width: 1px;\n--wpforms-container-border-color: #000000;\n--wpforms-container-border-radius: 3px;\n--wpforms-field-size-input-height: 43px;\n--wpforms-field-size-input-spacing: 15px;\n--wpforms-field-size-font-size: 16px;\n--wpforms-field-size-line-height: 19px;\n--wpforms-field-size-padding-h: 14px;\n--wpforms-field-size-checkbox-size: 16px;\n--wpforms-field-size-sublabel-spacing: 5px;\n--wpforms-field-size-icon-size: 1;\n--wpforms-label-size-font-size: 16px;\n--wpforms-label-size-line-height: 19px;\n--wpforms-label-size-sublabel-font-size: 14px;\n--wpforms-label-size-sublabel-line-height: 17px;\n--wpforms-button-size-font-size: 17px;\n--wpforms-button-size-height: 41px;\n--wpforms-button-size-padding-h: 15px;\n--wpforms-button-size-margin-top: 10px;\n--wpforms-container-shadow-size-box-shadow: none;\n\n\t\t\t\t}\n\t\t\t<\/style><div class=\"wpforms-container wpforms-container-full wpforms-block wpforms-block-535ce2af-154e-4aaa-bb12-8ba897facc7f wpforms-render-modern\" id=\"wpforms-3425\"><form id=\"wpforms-form-3425\" class=\"wpforms-validate wpforms-form wpforms-ajax-form\" data-formid=\"3425\" method=\"post\" enctype=\"multipart\/form-data\" action=\"\/index.php?rest_route=%2Fwp%2Fv2%2Fpages%2F4086\" data-token=\"af9686c515c53256952559342efdd718\" data-token-time=\"1776405879\"><div class=\"wpforms-head-container\"><div class=\"wpforms-description\">Pour une demande d&rsquo;information, remplir et cliquer sur envoyer<\/div><\/div><noscript class=\"wpforms-error-noscript\">Veuillez activer JavaScript dans votre navigateur pour remplir ce formulaire.<\/noscript><div class=\"wpforms-hidden\" id=\"wpforms-error-noscript\">Veuillez activer JavaScript dans votre navigateur pour remplir ce formulaire.<\/div><div class=\"wpforms-field-container\"><div id=\"wpforms-3425-field_3-container\" class=\"wpforms-field wpforms-field-text\" data-field-id=\"3\"><label class=\"wpforms-field-label\" for=\"wpforms-3425-field_3\">RETRAITE\/SESSION\/JOURNEE<\/label><input type=\"text\" id=\"wpforms-3425-field_3\" class=\"wpforms-field-medium\" name=\"wpforms[fields][3]\" aria-errormessage=\"wpforms-3425-field_3-error\" ><\/div><div id=\"wpforms-3425-field_0-container\" class=\"wpforms-field wpforms-field-name\" data-field-id=\"0\"><label class=\"wpforms-field-label\" for=\"wpforms-3425-field_0\">Nom, pr\u00e9nom <span class=\"wpforms-required-label\" aria-hidden=\"true\">*<\/span><\/label><input type=\"text\" id=\"wpforms-3425-field_0\" class=\"wpforms-field-medium wpforms-field-required\" name=\"wpforms[fields][0]\" aria-errormessage=\"wpforms-3425-field_0-error\" required><\/div><div id=\"wpforms-3425-field_1-container\" class=\"wpforms-field wpforms-field-email\" data-field-id=\"1\"><label class=\"wpforms-field-label\" for=\"wpforms-3425-field_1\">E-mail <span class=\"wpforms-required-label\" aria-hidden=\"true\">*<\/span><\/label><input type=\"email\" id=\"wpforms-3425-field_1\" class=\"wpforms-field-medium wpforms-field-required\" name=\"wpforms[fields][1]\" spellcheck=\"false\" aria-errormessage=\"wpforms-3425-field_1-error\" required><\/div><div id=\"wpforms-3425-field_2-container\" class=\"wpforms-field wpforms-field-textarea\" data-field-id=\"2\"><label class=\"wpforms-field-label\" for=\"wpforms-3425-field_2\">Commentaire ou message<\/label><textarea id=\"wpforms-3425-field_2\" class=\"wpforms-field-small\" name=\"wpforms[fields][2]\" aria-errormessage=\"wpforms-3425-field_2-error\" ><\/textarea><\/div><\/div><!-- .wpforms-field-container --><div class=\"wpforms-submit-container\" ><input type=\"hidden\" name=\"wpforms[id]\" value=\"3425\"><input type=\"hidden\" name=\"page_title\" value=\"\"><input type=\"hidden\" name=\"page_url\" value=\"https:\/\/solitude.saintefamille.fr\/index.php?rest_route=%2Fwp%2Fv2%2Fpages%2F4086\"><button type=\"submit\" name=\"wpforms[submit]\" id=\"wpforms-submit-3425\" class=\"wpforms-submit\" data-alt-text=\"Envoi...\" data-submit-text=\"Envoyer\" aria-live=\"assertive\" value=\"wpforms-submit\">Envoyer<\/button><img loading=\"lazy\" decoding=\"async\" src=\"https:\/\/solitude.saintefamille.fr\/wp-content\/plugins\/wpforms-lite\/assets\/images\/submit-spin.svg\" class=\"wpforms-submit-spinner\" style=\"display: none;\" width=\"26\" height=\"26\" alt=\"Chargement en cours\"><\/div><\/form><\/div>  <!-- .wpforms-container --><\/div>\n<\/div>\n<\/div>\n\n\n\n<p><\/p>\n","protected":false},"excerpt":{"rendered":"<p>A partir de l\u2019\u00e9vangile de Luc 7, 11-17&nbsp; \u00ab&nbsp;Sortir de nos cercueils&nbsp;\u00bb Partant du r\u00e9cit du fils de la veuve de Na\u00efm, cette retraite propose d\u2019accueillir le regard, la tendresse [&hellip;]<\/p>\n","protected":false},"author":1,"featured_media":0,"parent":0,"menu_order":0,"comment_status":"closed","ping_status":"closed","template":"","meta":{"_acf_changed":false,"_EventAllDay":false,"_EventTimezone":"","_EventStartDate":"","_EventEndDate":"","_EventStartDateUTC":"","_EventEndDateUTC":"","_EventShowMap":false,"_EventShowMapLink":false,"_EventURL":"","_EventCost":"","_EventCostDescription":"","_EventCurrencySymbol":"","_EventCurrencyCode":"","_EventCurrencyPosition":"","_EventDateTimeSeparator":"","_EventTimeRangeSeparator":"","_EventOrganizerID":[],"_EventVenueID":[],"_OrganizerEmail":"","_OrganizerPhone":"","_OrganizerWebsite":"","_VenueAddress":"","_VenueCity":"","_VenueCountry":"","_VenueProvince":"","_VenueState":"","_VenueZip":"","_VenuePhone":"","_VenueURL":"","_VenueStateProvince":"","_VenueLat":"","_VenueLng":"","_VenueShowMap":false,"_VenueShowMapLink":false,"footnotes":""},"class_list":["post-4086","page","type-page","status-publish","hentry"],"acf":[],"_links":{"self":[{"href":"https:\/\/solitude.saintefamille.fr\/index.php?rest_route=\/wp\/v2\/pages\/4086","targetHints":{"allow":["GET"]}}],"collection":[{"href":"https:\/\/solitude.saintefamille.fr\/index.php?rest_route=\/wp\/v2\/pages"}],"about":[{"href":"https:\/\/solitude.saintefamille.fr\/index.php?rest_route=\/wp\/v2\/types\/page"}],"author":[{"embeddable":true,"href":"https:\/\/solitude.saintefamille.fr\/index.php?rest_route=\/wp\/v2\/users\/1"}],"replies":[{"embeddable":true,"href":"https:\/\/solitude.saintefamille.fr\/index.php?rest_route=%2Fwp%2Fv2%2Fcomments&post=4086"}],"version-history":[{"count":4,"href":"https:\/\/solitude.saintefamille.fr\/index.php?rest_route=\/wp\/v2\/pages\/4086\/revisions"}],"predecessor-version":[{"id":4442,"href":"https:\/\/solitude.saintefamille.fr\/index.php?rest_route=\/wp\/v2\/pages\/4086\/revisions\/4442"}],"wp:attachment":[{"href":"https:\/\/solitude.saintefamille.fr\/index.php?rest_route=%2Fwp%2Fv2%2Fmedia&parent=4086"}],"curies":[{"name":"wp","href":"https:\/\/api.w.org\/{rel}","templated":true}]}}