{"id":409,"date":"2011-07-23T21:50:46","date_gmt":"2011-07-23T20:50:46","guid":{"rendered":"http:\/\/solitude.saintefamille.fr\/?page_id=409"},"modified":"2024-09-23T17:53:14","modified_gmt":"2024-09-23T15:53:14","slug":"lallee-des-filles-a-venir","status":"publish","type":"page","link":"https:\/\/solitude.saintefamille.fr\/?page_id=409","title":{"rendered":"L&rsquo;all\u00e9e des Filles \u00e0 venir"},"content":{"rendered":"\n<figure class=\"wp-block-image size-large\"><a href=\"https:\/\/solitude.saintefamille.fr\/files\/2011\/07\/DSC04780.jpg\"><img loading=\"lazy\" decoding=\"async\" width=\"1024\" height=\"768\" src=\"https:\/\/solitude.saintefamille.fr\/wp-content\/blogs.dir\/3\/files\/2011\/07\/DSC04780-1024x768.jpg\" alt=\"\" class=\"wp-image-392\" srcset=\"https:\/\/solitude.saintefamille.fr\/files\/2011\/07\/DSC04780-1024x768.jpg 1024w, https:\/\/solitude.saintefamille.fr\/files\/2011\/07\/DSC04780-300x225.jpg 300w, https:\/\/solitude.saintefamille.fr\/files\/2011\/07\/DSC04780-768x576.jpg 768w, https:\/\/solitude.saintefamille.fr\/files\/2011\/07\/DSC04780.jpg 1280w\" sizes=\"auto, (max-width: 1024px) 100vw, 1024px\" \/><\/a><\/figure>\n\n\n\n<p><span style=\"color: #008000;\"><em>Ce fut le Bon P\u00e8re lui-m\u00eame qui tra\u00e7a cette all\u00e9e droite qui traverse la vigne et les prairies et va se terminer au ruisseau de la Cape. Elle fut plant\u00e9e d\u2019abord de noyers, puis \u00e0 cause de l\u2019humidit\u00e9, on rempla\u00e7a les noyers par les peupliers.<\/em><\/span><\/p>\n\n\n\n<p><span style=\"color: #008000;\">Le Bon P\u00e8re aimait la nature et il \u00e9tait surtout sensible aux arbres. Plusieurs arbres \u00e9taient tomb\u00e9s avec la temp\u00eate et le Bon P\u00e8re avait constat\u00e9 plusieurs fois des vides auxquels on ne croyait pas utile de rem\u00e9dier.<\/span><br><span style=\"color: #008000;\"> &#8211; \u00ab Ma fille, dit-il \u00e0 la M\u00e8re Saint Bernard qui partageait avec lui la direction de la propri\u00e9t\u00e9, si vous ne faites pas remplacer ces arbres, il n\u2019y aura bient\u00f4t plus trace d\u2019all\u00e9e et nos enfants devront fouler l\u2019herbe de la prairie pour se promener. Et puis il faudrait aussi faire tracer un sentier le long du vivier et du foss\u00e9, pour aboutir plus commod\u00e9ment \u00e0 l\u2019embarcad\u00e8re de l\u2019Ile. \u00bb<\/span><br><span style=\"color: #008000;\"> &#8211; \u00ab Si vous le permettez, dit la M\u00e8re Saint Bernard, nous attendrons un peu plus tard pour entreprendre ce travail, mon Bon P\u00e8re ; il me semble que pour le moment ces enfants ont assez d\u2019espace pour se promener. \u00bb<\/span><br><span style=\"color: #008000;\"> &#8211; Ch\u00e8re enfant, reprit notre v\u00e9n\u00e9r\u00e9 Fondateur, ce n\u2019est pas pour nous que nous devons planter des arbres et tracer des sentiers, mais pour celles qui viendront apr\u00e8s nous, pour mes filles \u00e0 venir. \u00bb<\/span><br><span style=\"color: #008000;\"> &#8211; \u00ab Vous les aimez donc beaucoup, vos filles \u00e0 venir ? \u00bb<\/span><br><span style=\"color: #008000;\"> &#8211; \u00ab Si je les aime\u2026 \u00bb dit vivement le Bon P\u00e8re en se tournant vers la pauvre M\u00e8re : \u00ab Mais je les aime autant que je vous aime, ch\u00e8re enfant !&#8230;Et ce n\u2019est pas peu dire ! \u00bb puis continuant sur le m\u00eame ton : \u00ab Aujourd\u2019hui je suis avec vous, vous aimez \u00e0 parcourir ces lieux avec votre Bon P\u00e8re ; mais quand je ne serai plus, quand mes filles \u00e0 venir viendront chercher mes traces, vous serez la premi\u00e8re \u00e0 leur dire : Ici le Bon P\u00e8re se promenait avec nous ; c\u2019est lui qui a fait planter ces arbres, qui a r\u00e9uni les eaux pour former cette \u00eele ; c\u2019est lui qui a dispos\u00e9 et dessin\u00e9 les divers repos de la Sainte Famille, c\u2019est lui qui a trac\u00e9 ces sentiers, et c\u2019est pour vous, pour ses filles \u00e0 venir qu\u2019il a fait cela. \u00bb<\/span><br><span style=\"color: #008000;\"> Alors reprenant la marche avec entrain et souriant \u00e0 toutes :<\/span><br><span style=\"color: #008000;\"> &#8211; Courage, enfants, dit-il, plantez, alignez, d\u00e9corez cette ch\u00e8re Solitude pour mes filles \u00e0 venir, vous ferez plaisir \u00e0 votre Bon P\u00e8re. \u00bb (Souvenirs M\u00e8re Olli\u00e8re p.311)<\/span><br><span style=\"color: #008000;\"> Et la narratrice, t\u00e9moin de la sc\u00e8ne ajoute : \u00ab Ah ! mes s\u0153urs d\u2019aujourd\u2019hui, si vous aviez entendu votre Bon P\u00e8re Fondateur prononcer ces quatre petits mots : mes filles \u00e0 venir !&#8230; vous ne douteriez plus de ce qu\u2019il doit \u00e9prouver pour vous dans le ciel\u2026 \u00bb<\/span><\/p>\n","protected":false},"excerpt":{"rendered":"<p>Ce fut le Bon P\u00e8re lui-m\u00eame qui tra\u00e7a cette all\u00e9e droite qui traverse la vigne et les prairies et va se terminer au ruisseau de la Cape. Elle fut plant\u00e9e [&hellip;]<\/p>\n","protected":false},"author":5,"featured_media":0,"parent":398,"menu_order":0,"comment_status":"closed","ping_status":"open","template":"","meta":{"_acf_changed":false,"_EventAllDay":false,"_EventTimezone":"","_EventStartDate":"","_EventEndDate":"","_EventStartDateUTC":"","_EventEndDateUTC":"","_EventShowMap":false,"_EventShowMapLink":false,"_EventURL":"","_EventCost":"","_EventCostDescription":"","_EventCurrencySymbol":"","_EventCurrencyCode":"","_EventCurrencyPosition":"","_EventDateTimeSeparator":"","_EventTimeRangeSeparator":"","_EventOrganizerID":[],"_EventVenueID":[],"_OrganizerEmail":"","_OrganizerPhone":"","_OrganizerWebsite":"","_VenueAddress":"","_VenueCity":"","_VenueCountry":"","_VenueProvince":"","_VenueState":"","_VenueZip":"","_VenuePhone":"","_VenueURL":"","_VenueStateProvince":"","_VenueLat":"","_VenueLng":"","_VenueShowMap":false,"_VenueShowMapLink":false,"footnotes":""},"class_list":["post-409","page","type-page","status-publish","hentry"],"acf":[],"_links":{"self":[{"href":"https:\/\/solitude.saintefamille.fr\/index.php?rest_route=\/wp\/v2\/pages\/409","targetHints":{"allow":["GET"]}}],"collection":[{"href":"https:\/\/solitude.saintefamille.fr\/index.php?rest_route=\/wp\/v2\/pages"}],"about":[{"href":"https:\/\/solitude.saintefamille.fr\/index.php?rest_route=\/wp\/v2\/types\/page"}],"author":[{"embeddable":true,"href":"https:\/\/solitude.saintefamille.fr\/index.php?rest_route=\/wp\/v2\/users\/5"}],"replies":[{"embeddable":true,"href":"https:\/\/solitude.saintefamille.fr\/index.php?rest_route=%2Fwp%2Fv2%2Fcomments&post=409"}],"version-history":[{"count":11,"href":"https:\/\/solitude.saintefamille.fr\/index.php?rest_route=\/wp\/v2\/pages\/409\/revisions"}],"predecessor-version":[{"id":3747,"href":"https:\/\/solitude.saintefamille.fr\/index.php?rest_route=\/wp\/v2\/pages\/409\/revisions\/3747"}],"up":[{"embeddable":true,"href":"https:\/\/solitude.saintefamille.fr\/index.php?rest_route=\/wp\/v2\/pages\/398"}],"wp:attachment":[{"href":"https:\/\/solitude.saintefamille.fr\/index.php?rest_route=%2Fwp%2Fv2%2Fmedia&parent=409"}],"curies":[{"name":"wp","href":"https:\/\/api.w.org\/{rel}","templated":true}]}}