{"id":4174,"date":"2025-01-30T23:52:52","date_gmt":"2025-01-30T21:52:52","guid":{"rendered":"https:\/\/solitude.saintefamille.fr\/?page_id=4174"},"modified":"2025-01-31T13:30:17","modified_gmt":"2025-01-31T11:30:17","slug":"3-fevrier-1822","status":"publish","type":"page","link":"https:\/\/solitude.saintefamille.fr\/?page_id=4174","title":{"rendered":"3 f\u00e9vrier 1822\u00a0&#8230;"},"content":{"rendered":"\n<div class=\"wp-block-columns is-layout-flex wp-container-core-columns-is-layout-28f84493 wp-block-columns-is-layout-flex\">\n<div class=\"wp-block-column is-layout-flow wp-block-column-is-layout-flow\">\n<figure class=\"wp-block-gallery has-nested-images columns-default is-cropped wp-block-gallery-1 is-layout-flex wp-block-gallery-is-layout-flex\">\n<figure class=\"wp-block-image size-full\"><a href=\"https:\/\/solitude.saintefamille.fr\/files\/2025\/01\/ostensoir.png\"><img loading=\"lazy\" decoding=\"async\" width=\"385\" height=\"224\" data-id=\"4176\" src=\"https:\/\/solitude.saintefamille.fr\/files\/2025\/01\/ostensoir.png\" alt=\"\" class=\"wp-image-4176\" style=\"aspect-ratio:3\/2;object-fit:cover\" srcset=\"https:\/\/solitude.saintefamille.fr\/files\/2025\/01\/ostensoir.png 385w, https:\/\/solitude.saintefamille.fr\/files\/2025\/01\/ostensoir-300x175.png 300w\" sizes=\"auto, (max-width: 385px) 100vw, 385px\" \/><\/a><\/figure>\n<\/figure>\n<\/div>\n\n\n\n<div class=\"wp-block-column is-layout-flow wp-block-column-is-layout-flow\">\n<p><\/p>\n\n\n\n<p><\/p>\n\n\n\n<h4 class=\"wp-block-heading\">Que s\u2019est-il pass\u00e9 ce jour-l\u00e0&nbsp;?<\/h4>\n<\/div>\n<\/div>\n\n\n\n<div class=\"wp-block-group alignwide is-vertical is-layout-flex wp-container-core-group-is-layout-fe9cc265 wp-block-group-is-layout-flex\">\n<p>C\u2019est un dimanche soir \u00e0 Bordeaux. Et comme tous les dimanches soirs, il y a une b\u00e9n\u00e9diction du Saint-Sacrement dans la communaut\u00e9 de la Sainte-Famille.<\/p>\n\n\n\n<p>Cette communaut\u00e9 a \u00e9t\u00e9 fond\u00e9e il y a tout juste 18 mois par l\u2019Abb\u00e9&nbsp; Pierre Bienvenu Noailles, vicaire de la paroisse Sainte Eulalie. Cela soul\u00e8ve bien des incompr\u00e9hensions&nbsp;: un pr\u00eatre si jeune, il n\u2019a que 26 ans, qui r\u00e9unit dans ce quartier de Bordeaux quelques femmes&nbsp;; des chr\u00e9tiens de tout bord qui s\u2019organisent \u00ab&nbsp;pour honorer et imiter la Sainte Famille de J\u00e9sus, Marie et Joseph&nbsp;\u00bb, quelques orphelines pauvres recueillies &#8230;. Cela ne manque pas de heurter certains esprits.<\/p>\n\n\n\n<p>De s\u00e9rieuses difficult\u00e9s pointant. La sup\u00e9rieure, qui est aussi la s\u0153ur a\u00een\u00e9e du Fondateur, demande chaque jour dans sa pri\u00e8re,&nbsp; un signe qui confirmerait que l\u2019\u0153uvre naissante est bien voulue par Dieu.<\/p>\n\n\n\n<p>Chaque dimanche, l\u2019abb\u00e9 Noailles a l\u2019habitude de donner la b\u00e9n\u00e9diction du Saint-Sacrement dans la chapelle des S\u0153urs, rue Mazarin, en pr\u00e9sence des gens du quartier.<\/p>\n\n\n\n<p>Or, ce 3 f\u00e9vrier, alors que l\u2019abb\u00e9 Noailles est retenu par son minist\u00e8re \u00e0 la paroisse Saint Eulalie, un fait prodigieux se r\u00e9alise&nbsp;: une B\u00e9n\u00e9diction miraculeuse &#8230;&nbsp; Un miracle eucharistique&nbsp;!<\/p>\n\n\n\n<p>L\u2019abb\u00e9 Delort, son confr\u00e8re qui le remplace, expose comme de coutume, le Saint-Sacrement dans l\u2019ostensoir.<\/p>\n\n\n\n<p>Pendant 20 minutes les personnes pr\u00e9sentes peuvent contempler , se substituant \u00e0 l\u2019hostie expos\u00e9e pour l\u2019Adoration, le buste d\u2019un homme jeune, au visage lumineux, tr\u00e8s beau, v\u00eatu de blanc et portant une \u00e9charpe rouge en sautoir.&nbsp; La main gauche est appuy\u00e9e sur le c\u0153ur, la main droite est \u00e9lev\u00e9e pour b\u00e9nir.<\/p>\n<\/div>\n\n\n\n<p><\/p>\n\n\n\n<div class=\"wp-block-columns is-layout-flex wp-container-core-columns-is-layout-28f84493 wp-block-columns-is-layout-flex\">\n<div class=\"wp-block-column is-layout-flow wp-block-column-is-layout-flow\">\n<figure class=\"wp-block-image aligncenter size-large\"><a href=\"https:\/\/solitude.saintefamille.fr\/files\/2025\/01\/livre-1-Bernard-Peyrous-007.jpg\"><img loading=\"lazy\" decoding=\"async\" width=\"665\" height=\"1024\" src=\"https:\/\/solitude.saintefamille.fr\/files\/2025\/01\/livre-1-Bernard-Peyrous-007-665x1024.jpg\" alt=\"\" class=\"wp-image-4178\" srcset=\"https:\/\/solitude.saintefamille.fr\/files\/2025\/01\/livre-1-Bernard-Peyrous-007-665x1024.jpg 665w, https:\/\/solitude.saintefamille.fr\/files\/2025\/01\/livre-1-Bernard-Peyrous-007-195x300.jpg 195w, https:\/\/solitude.saintefamille.fr\/files\/2025\/01\/livre-1-Bernard-Peyrous-007-768x1183.jpg 768w, https:\/\/solitude.saintefamille.fr\/files\/2025\/01\/livre-1-Bernard-Peyrous-007.jpg 805w\" sizes=\"auto, (max-width: 665px) 100vw, 665px\" \/><\/a><\/figure>\n<\/div>\n\n\n\n<div class=\"wp-block-column is-layout-flow wp-block-column-is-layout-flow\">\n<figure class=\"wp-block-image aligncenter size-large is-resized\"><a href=\"https:\/\/solitude.saintefamille.fr\/files\/2011\/12\/Christ-de-lapparition-de-1822-Peinture-dEtienne-Azambre-1859-1933-Copie.jpg\"><img loading=\"lazy\" decoding=\"async\" width=\"478\" height=\"1024\" src=\"https:\/\/solitude.saintefamille.fr\/files\/2011\/12\/Christ-de-lapparition-de-1822-Peinture-dEtienne-Azambre-1859-1933-Copie-478x1024.jpg\" alt=\"\" class=\"wp-image-684\" style=\"width:139px;height:auto\" srcset=\"https:\/\/solitude.saintefamille.fr\/files\/2011\/12\/Christ-de-lapparition-de-1822-Peinture-dEtienne-Azambre-1859-1933-Copie-478x1024.jpg 478w, https:\/\/solitude.saintefamille.fr\/files\/2011\/12\/Christ-de-lapparition-de-1822-Peinture-dEtienne-Azambre-1859-1933-Copie-140x300.jpg 140w, https:\/\/solitude.saintefamille.fr\/files\/2011\/12\/Christ-de-lapparition-de-1822-Peinture-dEtienne-Azambre-1859-1933-Copie.jpg 491w\" sizes=\"auto, (max-width: 478px) 100vw, 478px\" \/><\/a><\/figure>\n<\/div>\n<\/div>\n\n\n\n<blockquote class=\"wp-block-quote has-accent-2-background-color has-background has-small-font-size is-layout-flow wp-block-quote-is-layout-flow\">\n<p class=\"has-text-align-center\"><em>\u00abJe le vis lui-m\u00eame au milieu du cercle qui lui servait de cadre comme un portrait peint en buste, avec cette diff\u00e9rence que la personne paraissait vivante&nbsp;\u00bb&nbsp;<\/em>  l&rsquo;abb\u00e9 Delort<\/p>\n\n\n\n<p>\u00ab<em>J\u2019eus l\u2019assurance intime que c\u2019\u00e9tait J\u00e9sus-Christ lui-m\u00eame qui se montrait \u00e0 mes yeux et qui parlait \u00e0 mon c\u0153ur<\/em>&nbsp;\u00bb d\u00e9clare Mademoiselle Eulalie Lagrange.<\/p>\n<\/blockquote>\n\n\n\n<div class=\"wp-block-group alignwide is-vertical is-layout-flex wp-container-core-group-is-layout-fe9cc265 wp-block-group-is-layout-flex\">\n<p>Tandis que la plupart des assistants contemplent l\u2019apparition miraculeuse, une novice, Milady Peychaud, saisie d\u2019un profond recueillement, courbe la t\u00eate, ferme les yeux, \u00e0 l\u2019\u00e9coute d\u2019une voix int\u00e9rieure et entend \u00e0 plusieurs reprises\u00a0ces paroles: <\/p>\n\n\n\n<p class=\"has-text-align-center\">                        <strong><em>\u00ab\u00a0Je suis Celui qui suis\u00a0\u00a0\u00bb <\/em><\/strong><\/p>\n\n\n\n<p class=\"has-text-align-left\">qui confirment l\u2019esprit de la Famille spirituelle, l\u2019esprit de Dieu Seul, d\u00e8s les commencements&nbsp;;<\/p>\n\n\n\n<p>Quant \u00e0 la Sup\u00e9rieure de la communaut\u00e9, Trinit\u00e9 Noailles, elle termine sa d\u00e9claration par&nbsp; ces mots&nbsp;:<\/p>\n\n\n\n<p><em>\u00ab&nbsp;J\u2019atteste toutes ces choses en pr\u00e9sence de J\u00e9sus, Marie et Joseph, afin que nos s\u0153urs conservent le souvenir d\u2019une si grande faveur, (&#8230;) bien persuad\u00e9es que Notre Seigneur est toujours avec nous&#8230;&nbsp;\u00bb<\/em><\/p>\n\n\n\n<p>Tr\u00e8s vite la B\u00e9n\u00e9diction miraculeuse est reconnue officiellement par l\u2019Eglise.<\/p>\n\n\n\n<p>La b\u00e9n\u00e9diction du 3 f\u00e9vrier provoque une r\u00e9elle expansion de la Famille spirituelle qui se d\u00e9veloppe rapidement ..<\/p>\n\n\n\n<p><\/p>\n<\/div>\n","protected":false},"excerpt":{"rendered":"<p>Que s\u2019est-il pass\u00e9 ce jour-l\u00e0&nbsp;? C\u2019est un dimanche soir \u00e0 Bordeaux. Et comme tous les dimanches soirs, il y a une b\u00e9n\u00e9diction du Saint-Sacrement dans la communaut\u00e9 de la Sainte-Famille. [&hellip;]<\/p>\n","protected":false},"author":5,"featured_media":0,"parent":1593,"menu_order":0,"comment_status":"closed","ping_status":"closed","template":"","meta":{"_acf_changed":false,"_EventAllDay":false,"_EventTimezone":"","_EventStartDate":"","_EventEndDate":"","_EventStartDateUTC":"","_EventEndDateUTC":"","_EventShowMap":false,"_EventShowMapLink":false,"_EventURL":"","_EventCost":"","_EventCostDescription":"","_EventCurrencySymbol":"","_EventCurrencyCode":"","_EventCurrencyPosition":"","_EventDateTimeSeparator":"","_EventTimeRangeSeparator":"","_EventOrganizerID":[],"_EventVenueID":[],"_OrganizerEmail":"","_OrganizerPhone":"","_OrganizerWebsite":"","_VenueAddress":"","_VenueCity":"","_VenueCountry":"","_VenueProvince":"","_VenueState":"","_VenueZip":"","_VenuePhone":"","_VenueURL":"","_VenueStateProvince":"","_VenueLat":"","_VenueLng":"","_VenueShowMap":false,"_VenueShowMapLink":false,"footnotes":""},"class_list":["post-4174","page","type-page","status-publish","hentry"],"acf":[],"_links":{"self":[{"href":"https:\/\/solitude.saintefamille.fr\/index.php?rest_route=\/wp\/v2\/pages\/4174","targetHints":{"allow":["GET"]}}],"collection":[{"href":"https:\/\/solitude.saintefamille.fr\/index.php?rest_route=\/wp\/v2\/pages"}],"about":[{"href":"https:\/\/solitude.saintefamille.fr\/index.php?rest_route=\/wp\/v2\/types\/page"}],"author":[{"embeddable":true,"href":"https:\/\/solitude.saintefamille.fr\/index.php?rest_route=\/wp\/v2\/users\/5"}],"replies":[{"embeddable":true,"href":"https:\/\/solitude.saintefamille.fr\/index.php?rest_route=%2Fwp%2Fv2%2Fcomments&post=4174"}],"version-history":[{"count":7,"href":"https:\/\/solitude.saintefamille.fr\/index.php?rest_route=\/wp\/v2\/pages\/4174\/revisions"}],"predecessor-version":[{"id":4198,"href":"https:\/\/solitude.saintefamille.fr\/index.php?rest_route=\/wp\/v2\/pages\/4174\/revisions\/4198"}],"up":[{"embeddable":true,"href":"https:\/\/solitude.saintefamille.fr\/index.php?rest_route=\/wp\/v2\/pages\/1593"}],"wp:attachment":[{"href":"https:\/\/solitude.saintefamille.fr\/index.php?rest_route=%2Fwp%2Fv2%2Fmedia&parent=4174"}],"curies":[{"name":"wp","href":"https:\/\/api.w.org\/{rel}","templated":true}]}}