{"id":4315,"date":"2025-07-03T18:46:50","date_gmt":"2025-07-03T16:46:50","guid":{"rendered":"https:\/\/solitude.saintefamille.fr\/?page_id=4315"},"modified":"2026-01-08T15:47:01","modified_gmt":"2026-01-08T13:47:01","slug":"accompagner-la-vie-jusqua-sa-plenitude-2","status":"publish","type":"page","link":"https:\/\/solitude.saintefamille.fr\/?page_id=4315","title":{"rendered":"Accompagner la vie jusqu&rsquo;\u00e0 sa pl\u00e9nitude"},"content":{"rendered":"\n<div class=\"wp-block-group alignfull is-content-justification-space-between is-nowrap is-layout-flex wp-container-core-group-is-layout-0b70ad5d wp-block-group-is-layout-flex\">\n<div class=\"wp-block-group is-content-justification-center is-nowrap is-layout-flex wp-container-core-group-is-layout-ff976b70 wp-block-group-is-layout-flex\">\n<figure class=\"wp-block-image size-full is-resized\"><a href=\"https:\/\/solitude.saintefamille.fr\/files\/2018\/01\/arbre-4-saisons-2-Copie.jpg\"><img loading=\"lazy\" decoding=\"async\" width=\"478\" height=\"478\" src=\"https:\/\/solitude.saintefamille.fr\/files\/2018\/01\/arbre-4-saisons-2-Copie.jpg\" alt=\"\" class=\"wp-image-2155\" style=\"width:614px;height:auto\" srcset=\"https:\/\/solitude.saintefamille.fr\/files\/2018\/01\/arbre-4-saisons-2-Copie.jpg 478w, https:\/\/solitude.saintefamille.fr\/files\/2018\/01\/arbre-4-saisons-2-Copie-300x300.jpg 300w, https:\/\/solitude.saintefamille.fr\/files\/2018\/01\/arbre-4-saisons-2-Copie-150x150.jpg 150w\" sizes=\"auto, (max-width: 478px) 100vw, 478px\" \/><\/a><\/figure>\n<\/div>\n\n\n\n<div class=\"wp-block-group has-accent-background-color has-background is-horizontal is-content-justification-right is-nowrap is-layout-flex wp-container-core-group-is-layout-971345ab wp-block-group-is-layout-flex\" style=\"padding-top:0;padding-right:var(--wp--preset--spacing--30);padding-bottom:0;padding-left:var(--wp--preset--spacing--30)\"><style id=\"wpforms-css-vars-root\">\n\t\t\t\t:root {\n\t\t\t\t\t--wpforms-field-border-radius: 3px;\n--wpforms-field-border-style: solid;\n--wpforms-field-border-size: 1px;\n--wpforms-field-background-color: #ffffff;\n--wpforms-field-border-color: rgba( 0, 0, 0, 0.25 );\n--wpforms-field-border-color-spare: rgba( 0, 0, 0, 0.25 );\n--wpforms-field-text-color: rgba( 0, 0, 0, 0.7 );\n--wpforms-field-menu-color: #ffffff;\n--wpforms-label-color: rgba( 0, 0, 0, 0.85 );\n--wpforms-label-sublabel-color: rgba( 0, 0, 0, 0.55 );\n--wpforms-label-error-color: #d63637;\n--wpforms-button-border-radius: 3px;\n--wpforms-button-border-style: none;\n--wpforms-button-border-size: 1px;\n--wpforms-button-background-color: #066aab;\n--wpforms-button-border-color: #066aab;\n--wpforms-button-text-color: #ffffff;\n--wpforms-page-break-color: #066aab;\n--wpforms-background-image: none;\n--wpforms-background-position: center center;\n--wpforms-background-repeat: no-repeat;\n--wpforms-background-size: cover;\n--wpforms-background-width: 100px;\n--wpforms-background-height: 100px;\n--wpforms-background-color: rgba( 0, 0, 0, 0 );\n--wpforms-background-url: none;\n--wpforms-container-padding: 0px;\n--wpforms-container-border-style: none;\n--wpforms-container-border-width: 1px;\n--wpforms-container-border-color: #000000;\n--wpforms-container-border-radius: 3px;\n--wpforms-field-size-input-height: 43px;\n--wpforms-field-size-input-spacing: 15px;\n--wpforms-field-size-font-size: 16px;\n--wpforms-field-size-line-height: 19px;\n--wpforms-field-size-padding-h: 14px;\n--wpforms-field-size-checkbox-size: 16px;\n--wpforms-field-size-sublabel-spacing: 5px;\n--wpforms-field-size-icon-size: 1;\n--wpforms-label-size-font-size: 16px;\n--wpforms-label-size-line-height: 19px;\n--wpforms-label-size-sublabel-font-size: 14px;\n--wpforms-label-size-sublabel-line-height: 17px;\n--wpforms-button-size-font-size: 17px;\n--wpforms-button-size-height: 41px;\n--wpforms-button-size-padding-h: 15px;\n--wpforms-button-size-margin-top: 10px;\n--wpforms-container-shadow-size-box-shadow: none;\n\n\t\t\t\t}\n\t\t\t<\/style><div class=\"wpforms-container wpforms-container-full wpforms-block wpforms-block-535ce2af-154e-4aaa-bb12-8ba897facc7f wpforms-render-modern\" id=\"wpforms-3425\"><form id=\"wpforms-form-3425\" class=\"wpforms-validate wpforms-form wpforms-ajax-form\" data-formid=\"3425\" method=\"post\" enctype=\"multipart\/form-data\" action=\"\/index.php?rest_route=%2Fwp%2Fv2%2Fpages%2F4315\" data-token=\"95dcaa1ea8bb374fa8ba305badd55f30\" data-token-time=\"1777395175\"><div class=\"wpforms-head-container\"><div class=\"wpforms-description\">Pour une demande d&rsquo;information, remplir et cliquer sur envoyer<\/div><\/div><noscript class=\"wpforms-error-noscript\">Veuillez activer JavaScript dans votre navigateur pour remplir ce formulaire.<\/noscript><div class=\"wpforms-hidden\" id=\"wpforms-error-noscript\">Veuillez activer JavaScript dans votre navigateur pour remplir ce formulaire.<\/div><div class=\"wpforms-field-container\"><div id=\"wpforms-3425-field_3-container\" class=\"wpforms-field wpforms-field-text\" data-field-id=\"3\"><label class=\"wpforms-field-label\" for=\"wpforms-3425-field_3\">RETRAITE\/SESSION\/JOURNEE<\/label><input type=\"text\" id=\"wpforms-3425-field_3\" class=\"wpforms-field-medium\" name=\"wpforms[fields][3]\" aria-errormessage=\"wpforms-3425-field_3-error\" ><\/div><div id=\"wpforms-3425-field_0-container\" class=\"wpforms-field wpforms-field-name\" data-field-id=\"0\"><label class=\"wpforms-field-label\" for=\"wpforms-3425-field_0\">Nom, pr\u00e9nom <span class=\"wpforms-required-label\" aria-hidden=\"true\">*<\/span><\/label><input type=\"text\" id=\"wpforms-3425-field_0\" class=\"wpforms-field-medium wpforms-field-required\" name=\"wpforms[fields][0]\" aria-errormessage=\"wpforms-3425-field_0-error\" required><\/div><div id=\"wpforms-3425-field_1-container\" class=\"wpforms-field wpforms-field-email\" data-field-id=\"1\"><label class=\"wpforms-field-label\" for=\"wpforms-3425-field_1\">E-mail <span class=\"wpforms-required-label\" aria-hidden=\"true\">*<\/span><\/label><input type=\"email\" id=\"wpforms-3425-field_1\" class=\"wpforms-field-medium wpforms-field-required\" name=\"wpforms[fields][1]\" spellcheck=\"false\" aria-errormessage=\"wpforms-3425-field_1-error\" required><\/div><div id=\"wpforms-3425-field_2-container\" class=\"wpforms-field wpforms-field-textarea\" data-field-id=\"2\"><label class=\"wpforms-field-label\" for=\"wpforms-3425-field_2\">Commentaire ou message<\/label><textarea id=\"wpforms-3425-field_2\" class=\"wpforms-field-small\" name=\"wpforms[fields][2]\" aria-errormessage=\"wpforms-3425-field_2-error\" ><\/textarea><\/div><\/div><!-- .wpforms-field-container --><div class=\"wpforms-submit-container\" ><input type=\"hidden\" name=\"wpforms[id]\" value=\"3425\"><input type=\"hidden\" name=\"page_title\" value=\"\"><input type=\"hidden\" name=\"page_url\" value=\"https:\/\/solitude.saintefamille.fr\/index.php?rest_route=%2Fwp%2Fv2%2Fpages%2F4315\"><button type=\"submit\" name=\"wpforms[submit]\" id=\"wpforms-submit-3425\" class=\"wpforms-submit\" data-alt-text=\"Envoi...\" data-submit-text=\"Envoyer\" aria-live=\"assertive\" value=\"wpforms-submit\">Envoyer<\/button><img loading=\"lazy\" decoding=\"async\" src=\"https:\/\/solitude.saintefamille.fr\/wp-content\/plugins\/wpforms-lite\/assets\/images\/submit-spin.svg\" class=\"wpforms-submit-spinner\" style=\"display: none;\" width=\"26\" height=\"26\" alt=\"Chargement en cours\"><\/div><\/form><\/div>  <!-- .wpforms-container --><\/div>\n<\/div>\n\n\n\n<p style=\"margin-top:0px;margin-right:var(--wp--preset--spacing--60);margin-bottom:0px;margin-left:var(--wp--preset--spacing--60)\"><em><strong>Cette session s\u2019adresse \u00e0 vous qui accompagnez une ou des personnes \u00e2g\u00e9es.<\/strong><\/em><\/p>\n\n\n\n<p><strong><em>Un temps pour vous, lib\u00e9r\u00e9s des contraintes habituelles de votre quotidien.&nbsp; Ce que vous vivez est souvent tr\u00e8s intense et bouscule parfois vos rep\u00e8res, vous d\u00e9stabilise.<\/em><\/strong><\/p>\n\n\n\n<p><strong><em>Il peut \u00eatre bon de marquer un arr\u00eat pour vous interroger sur votre mission, partager vos exp\u00e9riences, vous ressourcer.<\/em><\/strong><\/p>\n\n\n\n<p><strong><em>Comment vivre un accompagnement&nbsp;qui tienne compte \u00e0 la fois de la dimension &nbsp;humaine et spirituelle de la personne et permette aux a\u00een\u00e9s de vivre sereinement leur vie jusqu\u2019au bout?<\/em><\/strong><\/p>\n\n\n\n<p><strong><em>SESSION OUVERTE A TOUS<\/em><\/strong><\/p>\n\n\n\n<p><em>Vous pouvez participer \u00e0 la session dans sa totalit\u00e9<\/em> ou par bloc de mani\u00e8re \u00e0 avoir un parcours coh\u00e9rent ou par journ\u00e9e compl\u00e8te<\/p>\n\n\n\n<p>t\u00e9l\u00e9charger le bulletin d&rsquo;inscription:<\/p>\n\n\n\n<div data-wp-interactive=\"core\/file\" class=\"wp-block-file\"><object data-wp-bind--hidden=\"!state.hasPdfPreview\" hidden class=\"wp-block-file__embed\" data=\"https:\/\/solitude.saintefamille.fr\/files\/2026\/01\/Accompagner-la-vie.-26.pdf\" type=\"application\/pdf\" style=\"width:100%;height:290px\" aria-label=\"Contenu embarqu\u00e9 Accompagner la vie. 26.\"><\/object><a id=\"wp-block-file--media-6e40ba50-6737-4098-a26f-0fa17062081f\" href=\"https:\/\/solitude.saintefamille.fr\/files\/2026\/01\/Accompagner-la-vie.-26.pdf\">Accompagner la vie. 26<\/a><a href=\"https:\/\/solitude.saintefamille.fr\/files\/2026\/01\/Accompagner-la-vie.-26.pdf\" class=\"wp-block-file__button wp-element-button\" download aria-describedby=\"wp-block-file--media-6e40ba50-6737-4098-a26f-0fa17062081f\">T\u00e9l\u00e9charger<\/a><\/div>\n","protected":false},"excerpt":{"rendered":"<p>Cette session s\u2019adresse \u00e0 vous qui accompagnez une ou des personnes \u00e2g\u00e9es. Un temps pour vous, lib\u00e9r\u00e9s des contraintes habituelles de votre quotidien.&nbsp; Ce que vous vivez est souvent tr\u00e8s [&hellip;]<\/p>\n","protected":false},"author":1,"featured_media":0,"parent":0,"menu_order":0,"comment_status":"closed","ping_status":"closed","template":"","meta":{"_acf_changed":false,"_EventAllDay":false,"_EventTimezone":"","_EventStartDate":"","_EventEndDate":"","_EventStartDateUTC":"","_EventEndDateUTC":"","_EventShowMap":false,"_EventShowMapLink":false,"_EventURL":"","_EventCost":"","_EventCostDescription":"","_EventCurrencySymbol":"","_EventCurrencyCode":"","_EventCurrencyPosition":"","_EventDateTimeSeparator":"","_EventTimeRangeSeparator":"","_EventOrganizerID":[],"_EventVenueID":[],"_OrganizerEmail":"","_OrganizerPhone":"","_OrganizerWebsite":"","_VenueAddress":"","_VenueCity":"","_VenueCountry":"","_VenueProvince":"","_VenueState":"","_VenueZip":"","_VenuePhone":"","_VenueURL":"","_VenueStateProvince":"","_VenueLat":"","_VenueLng":"","_VenueShowMap":false,"_VenueShowMapLink":false,"footnotes":""},"class_list":["post-4315","page","type-page","status-publish","hentry"],"acf":[],"_links":{"self":[{"href":"https:\/\/solitude.saintefamille.fr\/index.php?rest_route=\/wp\/v2\/pages\/4315","targetHints":{"allow":["GET"]}}],"collection":[{"href":"https:\/\/solitude.saintefamille.fr\/index.php?rest_route=\/wp\/v2\/pages"}],"about":[{"href":"https:\/\/solitude.saintefamille.fr\/index.php?rest_route=\/wp\/v2\/types\/page"}],"author":[{"embeddable":true,"href":"https:\/\/solitude.saintefamille.fr\/index.php?rest_route=\/wp\/v2\/users\/1"}],"replies":[{"embeddable":true,"href":"https:\/\/solitude.saintefamille.fr\/index.php?rest_route=%2Fwp%2Fv2%2Fcomments&post=4315"}],"version-history":[{"count":8,"href":"https:\/\/solitude.saintefamille.fr\/index.php?rest_route=\/wp\/v2\/pages\/4315\/revisions"}],"predecessor-version":[{"id":4476,"href":"https:\/\/solitude.saintefamille.fr\/index.php?rest_route=\/wp\/v2\/pages\/4315\/revisions\/4476"}],"wp:attachment":[{"href":"https:\/\/solitude.saintefamille.fr\/index.php?rest_route=%2Fwp%2Fv2%2Fmedia&parent=4315"}],"curies":[{"name":"wp","href":"https:\/\/api.w.org\/{rel}","templated":true}]}}