{"id":7,"date":"2010-11-25T23:22:11","date_gmt":"2010-11-25T22:22:11","guid":{"rendered":"http:\/\/solitude.saintefamille.fr\/"},"modified":"2024-09-23T18:37:01","modified_gmt":"2024-09-23T16:37:01","slug":"acces","status":"publish","type":"page","link":"https:\/\/solitude.saintefamille.fr\/?page_id=7","title":{"rendered":"Acc\u00e8s"},"content":{"rendered":"\n<div class=\"wp-block-group alignwide is-vertical is-layout-flex wp-container-core-group-is-layout-fe9cc265 wp-block-group-is-layout-flex\">\n<p>Le Centre Spirituel La Solitude est situ\u00e9 <strong>29 route de la Solitude \u00e0 Martillac<\/strong>.<\/p>\n<p><strong>INDICATIONS PRATIQUES<\/strong><\/p>\n<p>*<strong>Par l\u2019Autoroute A62<\/strong><\/p>\n<p>Sortie n\u00b01 Martillac. Au rond point prendre direction Martillac et continuer tout droit.<\/p>\n<p>Au 4\u00b0 rond-point , au- lieu dit Le Breyra\u00a0 prendre la direction La Br\u00e8de \u00e0 gauche et tourner \u00e0 la premi\u00e8re rue \u00e0 droite route de Tartavisat en suivant les indications\u00a0: Domaine de la solitude. Au bout de la rue tourner \u00e0 droite. Dans le virage\u00a0: entr\u00e9e de la solitude.<\/p>\n<p>* <strong>Par la Nationale 113<\/strong><\/p>\n<p>Venant de Bordeaux, au rond point suivant Le Bouscaut, prendre la direction Martillac et suivre les indications pr\u00e9c\u00e9dentes<\/p>\n<p>* <strong>Par bus<\/strong><\/p>\n<p>De Bordeaux prendre le Tram B jusqu\u2019\u00e0 Talence Peixotto) puis le bus 502 qui dessert Martillac (sauf le dimanche). Descendre \u00e0 l\u2019arr\u00eat : la Cave. Prendre la route de la Solitude en sens inverse du village. 10 minutes de marche environ<\/p>\n<p>Nous vous encourageons \u00e0 utiliser la carte ci-dessous pour calculer votre itin\u00e9raire.<\/p>\n<p>\u00a0<\/p>\n<\/div>\n\n\n\n<iframe src=\"https:\/\/www.google.com\/maps\/embed?pb=!1m18!1m12!1m3!1d4768.700320339603!2d-0.5609709462646975!3d44.70968835186055!2m3!1f0!2f0!3f0!3m2!1i1024!2i768!4f13.1!3m3!1m2!1s0xd5521d2f01dfa91%3A0x65c05a55776208ba!2sLa%20Solitude%2C%2033650%20Martillac!5e0!3m2!1sfr!2sfr!4v1727094394343!5m2!1sfr!2sfr\" width=\"600\" height=\"450\" style=\"border:0;\" allowfullscreen=\"\" loading=\"lazy\" referrerpolicy=\"no-referrer-when-downgrade\"><\/iframe>\n","protected":false},"excerpt":{"rendered":"<p>Le Centre Spirituel La Solitude est situ\u00e9 29 route de la Solitude \u00e0 Martillac. INDICATIONS PRATIQUES *Par l\u2019Autoroute A62 Sortie n\u00b01 Martillac. Au rond point prendre direction Martillac et continuer [&hellip;]<\/p>\n","protected":false},"author":1,"featured_media":0,"parent":53,"menu_order":4,"comment_status":"closed","ping_status":"closed","template":"","meta":{"_acf_changed":false,"_EventAllDay":false,"_EventTimezone":"","_EventStartDate":"","_EventEndDate":"","_EventStartDateUTC":"","_EventEndDateUTC":"","_EventShowMap":false,"_EventShowMapLink":false,"_EventURL":"","_EventCost":"","_EventCostDescription":"","_EventCurrencySymbol":"","_EventCurrencyCode":"","_EventCurrencyPosition":"","_EventDateTimeSeparator":"","_EventTimeRangeSeparator":"","_EventOrganizerID":[],"_EventVenueID":[],"_OrganizerEmail":"","_OrganizerPhone":"","_OrganizerWebsite":"","_VenueAddress":"","_VenueCity":"","_VenueCountry":"","_VenueProvince":"","_VenueState":"","_VenueZip":"","_VenuePhone":"","_VenueURL":"","_VenueStateProvince":"","_VenueLat":"","_VenueLng":"","_VenueShowMap":false,"_VenueShowMapLink":false,"footnotes":""},"class_list":["post-7","page","type-page","status-publish","hentry"],"acf":[],"_links":{"self":[{"href":"https:\/\/solitude.saintefamille.fr\/index.php?rest_route=\/wp\/v2\/pages\/7","targetHints":{"allow":["GET"]}}],"collection":[{"href":"https:\/\/solitude.saintefamille.fr\/index.php?rest_route=\/wp\/v2\/pages"}],"about":[{"href":"https:\/\/solitude.saintefamille.fr\/index.php?rest_route=\/wp\/v2\/types\/page"}],"author":[{"embeddable":true,"href":"https:\/\/solitude.saintefamille.fr\/index.php?rest_route=\/wp\/v2\/users\/1"}],"replies":[{"embeddable":true,"href":"https:\/\/solitude.saintefamille.fr\/index.php?rest_route=%2Fwp%2Fv2%2Fcomments&post=7"}],"version-history":[{"count":51,"href":"https:\/\/solitude.saintefamille.fr\/index.php?rest_route=\/wp\/v2\/pages\/7\/revisions"}],"predecessor-version":[{"id":3770,"href":"https:\/\/solitude.saintefamille.fr\/index.php?rest_route=\/wp\/v2\/pages\/7\/revisions\/3770"}],"up":[{"embeddable":true,"href":"https:\/\/solitude.saintefamille.fr\/index.php?rest_route=\/wp\/v2\/pages\/53"}],"wp:attachment":[{"href":"https:\/\/solitude.saintefamille.fr\/index.php?rest_route=%2Fwp%2Fv2%2Fmedia&parent=7"}],"curies":[{"name":"wp","href":"https:\/\/api.w.org\/{rel}","templated":true}]}}